{"id":1305,"date":"2025-12-24T19:02:05","date_gmt":"2025-12-24T18:02:05","guid":{"rendered":"https:\/\/peritajesgamez.es\/avis-legal\/"},"modified":"2026-03-21T00:57:29","modified_gmt":"2026-03-20T23:57:29","slug":"avis-legal","status":"publish","type":"page","link":"https:\/\/peritajesgamez.es\/ca\/avis-legal\/","title":{"rendered":"Av\u00eds legal"},"content":{"rendered":"\n<p>El lloc web peritajesgamez.es \u00e9s un web la titularitat del qual pertany a Juan Leocadio G\u00e1mez Brocal, amb DNI 43.122.442H.<\/p>\n\n<p>La marca i el nom comercial associats s\u00f3n titularitat de Juan Leocadio G\u00e1mez Brocal, amb DNI 43.122.442H.<\/p>\n\n<p>Podeu contactar amb nosaltres a trav\u00e9s del tel\u00e8fon +34 628823525 o a trav\u00e9s del nostre correu electr\u00f2nic.<\/p>\n\n<p>Juan Leocadio G\u00e1mez Brocal ofereix aquest web per facilitar l&#8217;acc\u00e9s p\u00fablic a la informaci\u00f3 de productes i serveis, aix\u00ed com informaci\u00f3 publicada al blog del web adre\u00e7at al p\u00fablic en general. Juan Leocadio G\u00e1mez Brocal procura que la informaci\u00f3 disponible en aquest web sigui exacta i precisa, i procedeix a la seva actualitzaci\u00f3 amb la m\u00e0xima celeritat possible, mirant d&#8217;evitar errors i corregint-los tan aviat com els detecta. No obstant aix\u00f2, Juan Leocadio G\u00e1mez Brocal no pot garantir la inexist\u00e8ncia d&#8217;errors, ni que el contingut de la informaci\u00f3 estigui permanentment actualitzat. De la mateixa manera, Juan Leocadio G\u00e1mez Brocal no \u00e9s responsable de l&#8217;exactitud i l&#8217;actualitzaci\u00f3 de la informaci\u00f3 provinent d&#8217;altres persones f\u00edsiques o jur\u00eddiques que consti a la p\u00e0gina web a la qual es remeti.<\/p>\n","protected":false},"excerpt":{"rendered":"<p>El lloc web peritajesgamez.es \u00e9s un web la titularitat del qual pertany a Juan Leocadio G\u00e1mez Brocal, amb DNI 43.122.442H. La marca i el nom comercial associats s\u00f3n titularitat de&#8230;<\/p>\n","protected":false},"author":1,"featured_media":0,"parent":0,"menu_order":0,"comment_status":"closed","ping_status":"closed","template":"","meta":{"footnotes":""},"class_list":["post-1305","page","type-page","status-publish"],"_links":{"self":[{"href":"https:\/\/peritajesgamez.es\/ca\/wp-json\/wp\/v2\/pages\/1305","targetHints":{"allow":["GET"]}}],"collection":[{"href":"https:\/\/peritajesgamez.es\/ca\/wp-json\/wp\/v2\/pages"}],"about":[{"href":"https:\/\/peritajesgamez.es\/ca\/wp-json\/wp\/v2\/types\/page"}],"author":[{"embeddable":true,"href":"https:\/\/peritajesgamez.es\/ca\/wp-json\/wp\/v2\/users\/1"}],"replies":[{"embeddable":true,"href":"https:\/\/peritajesgamez.es\/ca\/wp-json\/wp\/v2\/comments?post=1305"}],"version-history":[{"count":1,"href":"https:\/\/peritajesgamez.es\/ca\/wp-json\/wp\/v2\/pages\/1305\/revisions"}],"predecessor-version":[{"id":1306,"href":"https:\/\/peritajesgamez.es\/ca\/wp-json\/wp\/v2\/pages\/1305\/revisions\/1306"}],"wp:attachment":[{"href":"https:\/\/peritajesgamez.es\/ca\/wp-json\/wp\/v2\/media?parent=1305"}],"curies":[{"name":"wp","href":"https:\/\/api.w.org\/{rel}","templated":true}]}}