{"id":1500,"date":"2025-12-24T19:02:05","date_gmt":"2025-12-24T18:02:05","guid":{"rendered":"https:\/\/peritajesgamez.es\/impressum\/"},"modified":"2026-03-21T01:12:54","modified_gmt":"2026-03-21T00:12:54","slug":"impressum","status":"publish","type":"page","link":"https:\/\/peritajesgamez.es\/de\/impressum\/","title":{"rendered":"Impressum"},"content":{"rendered":"\n<p>Die Website peritajesgamez.es ist eine Website, deren Inhaber Juan Leocadio G\u00e1mez Brocal mit der Personalausweisnummer 43.122.442H ist.<\/p>\n\n<p>Die Marke und der damit verbundene Handelsname sind Eigentum von Juan Leocadio G\u00e1mez Brocal mit der Personalausweisnummer 43.122.442H.<\/p>\n\n<p>Sie k\u00f6nnen uns telefonisch unter +34 628823525 oder per E-Mail kontaktieren.<\/p>\n\n<p>Juan Leocadio G\u00e1mez Brocal bietet diese Website an, um der \u00d6ffentlichkeit den Zugang zu Informationen \u00fcber Produkte und Dienstleistungen sowie zu Informationen zu erleichtern, die im Blog der Website f\u00fcr die breite \u00d6ffentlichkeit ver\u00f6ffentlicht werden. Juan Leocadio G\u00e1mez Brocal bem\u00fcht sich, dass die auf dieser Website verf\u00fcgbaren Informationen korrekt und pr\u00e4zise sind, und aktualisiert sie so schnell wie m\u00f6glich, um Fehler zu vermeiden und diese zu korrigieren, sobald sie entdeckt werden. Dennoch kann Juan Leocadio G\u00e1mez Brocal weder die Fehlerfreiheit noch die st\u00e4ndige Aktualisierung der Inhalte garantieren. Ebenso ist Juan Leocadio G\u00e1mez Brocal nicht verantwortlich f\u00fcr die Richtigkeit und Aktualit\u00e4t von Informationen, die von anderen nat\u00fcrlichen oder juristischen Personen stammen und auf der Website erscheinen, auf die verwiesen wird.   <\/p>\n","protected":false},"excerpt":{"rendered":"<p>Die Website peritajesgamez.es ist eine Website, deren Inhaber Juan Leocadio G\u00e1mez Brocal mit der Personalausweisnummer 43.122.442H ist. Die Marke und der damit verbundene Handelsname sind Eigentum von Juan Leocadio G\u00e1mez&#8230;<\/p>\n","protected":false},"author":1,"featured_media":0,"parent":0,"menu_order":0,"comment_status":"closed","ping_status":"closed","template":"","meta":{"footnotes":""},"class_list":["post-1500","page","type-page","status-publish"],"_links":{"self":[{"href":"https:\/\/peritajesgamez.es\/de\/wp-json\/wp\/v2\/pages\/1500","targetHints":{"allow":["GET"]}}],"collection":[{"href":"https:\/\/peritajesgamez.es\/de\/wp-json\/wp\/v2\/pages"}],"about":[{"href":"https:\/\/peritajesgamez.es\/de\/wp-json\/wp\/v2\/types\/page"}],"author":[{"embeddable":true,"href":"https:\/\/peritajesgamez.es\/de\/wp-json\/wp\/v2\/users\/1"}],"replies":[{"embeddable":true,"href":"https:\/\/peritajesgamez.es\/de\/wp-json\/wp\/v2\/comments?post=1500"}],"version-history":[{"count":1,"href":"https:\/\/peritajesgamez.es\/de\/wp-json\/wp\/v2\/pages\/1500\/revisions"}],"predecessor-version":[{"id":1502,"href":"https:\/\/peritajesgamez.es\/de\/wp-json\/wp\/v2\/pages\/1500\/revisions\/1502"}],"wp:attachment":[{"href":"https:\/\/peritajesgamez.es\/de\/wp-json\/wp\/v2\/media?parent=1500"}],"curies":[{"name":"wp","href":"https:\/\/api.w.org\/{rel}","templated":true}]}}