{"id":1504,"date":"2025-12-31T21:45:20","date_gmt":"2025-12-31T20:45:20","guid":{"rendered":"https:\/\/peritajesgamez.es\/blockchain-und-krypto-assets\/"},"modified":"2026-03-21T01:12:54","modified_gmt":"2026-03-21T00:12:54","slug":"blockchain-und-krypto-assets","status":"publish","type":"page","link":"https:\/\/peritajesgamez.es\/de\/blockchain-und-krypto-assets\/","title":{"rendered":"Blockchain und Krypto-Assets"},"content":{"rendered":"[vc_row type=&#8220;in_container&#8220; full_screen_row_position=&#8220;middle&#8220; column_margin=&#8220;default&#8220; equal_height=&#8220;yes&#8220; content_placement=&#8220;middle&#8220; column_direction=&#8220;default&#8220; column_direction_tablet=&#8220;default&#8220; column_direction_phone=&#8220;default&#8220; scene_position=&#8220;center&#8220; top_padding=&#8220;3%&#8220; bottom_padding=&#8220;2%&#8220; text_color=&#8220;dark&#8220; text_align=&#8220;left&#8220; row_border_radius=&#8220;none&#8220; row_border_radius_applies=&#8220;bg&#8220; overflow=&#8220;visible&#8220; overlay_strength=&#8220;0.3&#8243; gradient_direction=&#8220;left_to_right&#8220; shape_divider_position=&#8220;bottom&#8220; bg_image_animation=&#8220;none&#8220; gradient_type=&#8220;default&#8220; shape_type=&#8220;&#8220;][vc_column column_padding=&#8220;no-extra-padding&#8220; column_padding_tablet=&#8220;inherit&#8220; column_padding_phone=&#8220;inherit&#8220; column_padding_position=&#8220;all&#8220; column_element_direction_desktop=&#8220;default&#8220; column_element_spacing=&#8220;default&#8220; desktop_text_alignment=&#8220;default&#8220; tablet_text_alignment=&#8220;default&#8220; phone_text_alignment=&#8220;default&#8220; background_color_opacity=&#8220;1&#8243; background_hover_color_opacity=&#8220;1&#8243; background_image=&#8220;917&#8243; background_image_position=&#8220;center center&#8220; background_image_stacking=&#8220;default&#8220; enable_bg_scale=&#8220;true&#8220; background_image_loading=&#8220;default&#8220; column_backdrop_filter=&#8220;none&#8220; column_shadow=&#8220;none&#8220; column_border_radius=&#8220;none&#8220; column_link_target=&#8220;_self&#8220; column_position=&#8220;default&#8220; gradient_direction=&#8220;left_to_right&#8220; overlay_strength=&#8220;0.3&#8243; width=&#8220;1\/2&#8243; tablet_width_inherit=&#8220;default&#8220; animation_type=&#8220;default&#8220; bg_image_animation=&#8220;none&#8220; border_type=&#8220;simple&#8220; column_border_width=&#8220;none&#8220; column_border_style=&#8220;solid&#8220; column_padding_type=&#8220;default&#8220; gradient_type=&#8220;default&#8220;][divider line_type=&#8220;No Line&#8220; custom_height=&#8220;250&#8243;][\/vc_column][vc_column column_padding=&#8220;no-extra-padding&#8220; column_padding_tablet=&#8220;inherit&#8220; column_padding_phone=&#8220;inherit&#8220; column_padding_position=&#8220;all&#8220; column_element_direction_desktop=&#8220;default&#8220; column_element_spacing=&#8220;default&#8220; desktop_text_alignment=&#8220;default&#8220; tablet_text_alignment=&#8220;default&#8220; phone_text_alignment=&#8220;default&#8220; background_color=&#8220;#ffffff&#8220; background_color_opacity=&#8220;1&#8243; background_hover_color_opacity=&#8220;1&#8243; column_backdrop_filter=&#8220;none&#8220; column_shadow=&#8220;none&#8220; column_border_radius=&#8220;none&#8220; column_link_target=&#8220;_self&#8220; column_position=&#8220;default&#8220; gradient_direction=&#8220;left_to_right&#8220; overlay_strength=&#8220;0.3&#8243; width=&#8220;1\/2&#8243; tablet_width_inherit=&#8220;default&#8220; animation_type=&#8220;default&#8220; bg_image_animation=&#8220;none&#8220; border_type=&#8220;simple&#8220; column_border_width=&#8220;none&#8220; column_border_style=&#8220;solid&#8220; column_padding_type=&#8220;default&#8220; gradient_type=&#8220;default&#8220;][vc_row_inner column_margin=&#8220;default&#8220; column_direction=&#8220;default&#8220; column_direction_tablet=&#8220;default&#8220; column_direction_phone=&#8220;default&#8220; text_align=&#8220;left&#8220; row_position=&#8220;default&#8220; row_position_tablet=&#8220;inherit&#8220; row_position_phone=&#8220;inherit&#8220; overflow=&#8220;visible&#8220; pointer_events=&#8220;all&#8220;][vc_column_inner column_padding=&#8220;no-extra-padding&#8220; column_padding_tablet=&#8220;inherit&#8220; column_padding_phone=&#8220;inherit&#8220; column_padding_position=&#8220;all&#8220; column_element_direction_desktop=&#8220;default&#8220; column_element_spacing=&#8220;default&#8220; desktop_text_alignment=&#8220;default&#8220; tablet_text_alignment=&#8220;default&#8220; phone_text_alignment=&#8220;default&#8220; background_color_opacity=&#8220;1&#8243; background_hover_color_opacity=&#8220;1&#8243; column_backdrop_filter=&#8220;none&#8220; column_shadow=&#8220;none&#8220; column_border_radius=&#8220;none&#8220; column_link_target=&#8220;_self&#8220; overflow=&#8220;visible&#8220; gradient_direction=&#8220;left_to_right&#8220; overlay_strength=&#8220;0.3&#8243; width=&#8220;1\/1&#8243; tablet_width_inherit=&#8220;default&#8220; animation_type=&#8220;default&#8220; enable_animation=&#8220;true&#8220; animation=&#8220;fade-in-from-bottom&#8220; animation_easing=&#8220;default&#8220; bg_image_animation=&#8220;none&#8220; border_type=&#8220;simple&#8220; column_border_width=&#8220;none&#8220; column_border_style=&#8220;solid&#8220;][vc_text_separator title=&#8220;Blockchain und Krypto-Assets&#8220; title_align=&#8220;separator_align_left&#8220; color=&#8220;black&#8220; css=&#8220;&#8220;][vc_column_text css=&#8220;&#8220; text_direction=&#8220;default&#8220;]Die gutachterliche Analyse in Blockchain-Umgebungen und bei Krypto-Assets konzentriert sich auf die technische Untersuchung von Transaktionen, die mittels Distributed-Ledger-Technologien durchgef\u00fchrt wurden. Bei Peritajes G\u00e1mez analysieren wir Operationen mit Kryptow\u00e4hrungen wie Bitcoin, Ethereum oder anderen digitalen Verm\u00f6genswerten mit dem Ziel, Bewegungen zu identifizieren, die Authentizit\u00e4t von Transaktionen zu verifizieren und Beziehungen zwischen Adressen, Wallets und Handelsplattformen herzustellen. <\/p>\n<p>Diese Art der Begutachtung ist besonders relevant in F\u00e4llen von Betrug, Unterschlagung, Geldw\u00e4sche, Verlust digitaler Verm\u00f6genswerte oder Vertragsverletzungen im Zusammenhang mit Blockchain-Technologien. In diesen Szenarien wird die Originalit\u00e4t der verschiedenen Spuren \u00f6ffentlicher Transaktionen in der Blockchain sowie das Verhalten von Smart Contracts untersucht, um die Funktionsweise der beteiligten dezentralen Systeme technisch zu dokumentieren. <\/p>\n<p>Das resultierende Gutachten \u00fcbersetzt die technische Komplexit\u00e4t des Blockchain-\u00d6kosystems in eine f\u00fcr Richter, Anw\u00e4lte und beteiligte Parteien verst\u00e4ndliche Sprache und erkl\u00e4rt Konzepte wie R\u00fcckverfolgbarkeit, Unver\u00e4nderlichkeit und Dezentralisierung klar und objektiv. Zudem werden zusammen mit dem Gutachten die digitalen Beweismittel der durchgef\u00fchrten Analyse vorgelegt, damit der Bericht einer \u00dcberpr\u00fcfung unterzogen werden kann. <\/p>\n<p>Der Wert der gutachterlichen Arbeit in diesem Bereich liegt in der F\u00e4higkeit, Klarheit, Zuverl\u00e4ssigkeit und technische Pr\u00e4zision in einem hochspezialisierten und sich st\u00e4ndig weiterentwickelnden technologischen Umfeld zu schaffen. Von Peritajes G\u00e1mez aus liefern wir fundierte und verifizierbare Berichte f\u00fcr gerichtliche oder au\u00dfergerichtliche Verfahren im Zusammenhang mit Krypto-Assets und Blockchain-Technologien.[\/vc_column_text][\/vc_column_inner][\/vc_row_inner][\/vc_column][\/vc_row]\n","protected":false},"excerpt":{"rendered":"<p>[vc_row type=&#8220;in_container&#8220; full_screen_row_position=&#8220;middle&#8220; column_margin=&#8220;default&#8220; equal_height=&#8220;yes&#8220; content_placement=&#8220;middle&#8220; column_direction=&#8220;default&#8220; column_direction_tablet=&#8220;default&#8220; column_direction_phone=&#8220;default&#8220; scene_position=&#8220;center&#8220; top_padding=&#8220;3%&#8220; bottom_padding=&#8220;2%&#8220; text_color=&#8220;dark&#8220; text_align=&#8220;left&#8220; row_border_radius=&#8220;none&#8220; row_border_radius_applies=&#8220;bg&#8220; overflow=&#8220;visible&#8220; overlay_strength=&#8220;0.3&#8243; gradient_direction=&#8220;left_to_right&#8220; shape_divider_position=&#8220;bottom&#8220; bg_image_animation=&#8220;none&#8220; gradient_type=&#8220;default&#8220; shape_type=&#8220;&#8220;][vc_column column_padding=&#8220;no-extra-padding&#8220; column_padding_tablet=&#8220;inherit&#8220; column_padding_phone=&#8220;inherit&#8220; column_padding_position=&#8220;all&#8220; column_element_direction_desktop=&#8220;default&#8220; column_element_spacing=&#8220;default&#8220; desktop_text_alignment=&#8220;default&#8220;&#8230;<\/p>\n","protected":false},"author":1,"featured_media":0,"parent":0,"menu_order":0,"comment_status":"closed","ping_status":"closed","template":"","meta":{"footnotes":""},"class_list":["post-1504","page","type-page","status-publish"],"_links":{"self":[{"href":"https:\/\/peritajesgamez.es\/de\/wp-json\/wp\/v2\/pages\/1504","targetHints":{"allow":["GET"]}}],"collection":[{"href":"https:\/\/peritajesgamez.es\/de\/wp-json\/wp\/v2\/pages"}],"about":[{"href":"https:\/\/peritajesgamez.es\/de\/wp-json\/wp\/v2\/types\/page"}],"author":[{"embeddable":true,"href":"https:\/\/peritajesgamez.es\/de\/wp-json\/wp\/v2\/users\/1"}],"replies":[{"embeddable":true,"href":"https:\/\/peritajesgamez.es\/de\/wp-json\/wp\/v2\/comments?post=1504"}],"version-history":[{"count":1,"href":"https:\/\/peritajesgamez.es\/de\/wp-json\/wp\/v2\/pages\/1504\/revisions"}],"predecessor-version":[{"id":1508,"href":"https:\/\/peritajesgamez.es\/de\/wp-json\/wp\/v2\/pages\/1504\/revisions\/1508"}],"wp:attachment":[{"href":"https:\/\/peritajesgamez.es\/de\/wp-json\/wp\/v2\/media?parent=1504"}],"curies":[{"name":"wp","href":"https:\/\/api.w.org\/{rel}","templated":true}]}}