{"id":1525,"date":"2025-11-15T14:50:12","date_gmt":"2025-11-15T13:50:12","guid":{"rendered":"https:\/\/peritajesgamez.es\/gerichtliche-bestaetigung-des-gutachtens\/"},"modified":"2026-03-21T01:13:14","modified_gmt":"2026-03-21T00:13:14","slug":"gerichtliche-bestaetigung-des-gutachtens","status":"publish","type":"page","link":"https:\/\/peritajesgamez.es\/de\/gerichtliche-bestaetigung-des-gutachtens\/","title":{"rendered":"Gerichtliche Best\u00e4tigung des Gutachtens"},"content":{"rendered":"[vc_row type=&#8220;in_container&#8220; full_screen_row_position=&#8220;middle&#8220; column_margin=&#8220;default&#8220; equal_height=&#8220;yes&#8220; content_placement=&#8220;middle&#8220; column_direction=&#8220;default&#8220; column_direction_tablet=&#8220;default&#8220; column_direction_phone=&#8220;default&#8220; scene_position=&#8220;center&#8220; top_padding=&#8220;3%&#8220; bottom_padding=&#8220;2%&#8220; text_color=&#8220;dark&#8220; text_align=&#8220;left&#8220; row_border_radius=&#8220;none&#8220; row_border_radius_applies=&#8220;bg&#8220; overflow=&#8220;visible&#8220; overlay_strength=&#8220;0.3&#8243; gradient_direction=&#8220;left_to_right&#8220; shape_divider_position=&#8220;bottom&#8220; bg_image_animation=&#8220;none&#8220; gradient_type=&#8220;default&#8220; shape_type=&#8220;&#8220;][vc_column column_padding=&#8220;no-extra-padding&#8220; column_padding_tablet=&#8220;inherit&#8220; column_padding_phone=&#8220;inherit&#8220; column_padding_position=&#8220;all&#8220; column_element_direction_desktop=&#8220;default&#8220; column_element_spacing=&#8220;default&#8220; desktop_text_alignment=&#8220;default&#8220; tablet_text_alignment=&#8220;default&#8220; phone_text_alignment=&#8220;default&#8220; background_color_opacity=&#8220;1&#8243; background_hover_color_opacity=&#8220;1&#8243; background_image=&#8220;583&#8243; background_image_position=&#8220;center center&#8220; background_image_stacking=&#8220;default&#8220; enable_bg_scale=&#8220;true&#8220; background_image_loading=&#8220;default&#8220; column_backdrop_filter=&#8220;none&#8220; column_shadow=&#8220;none&#8220; column_border_radius=&#8220;none&#8220; column_link_target=&#8220;_self&#8220; column_position=&#8220;default&#8220; gradient_direction=&#8220;left_to_right&#8220; overlay_strength=&#8220;0.3&#8243; width=&#8220;1\/2&#8243; tablet_width_inherit=&#8220;default&#8220; animation_type=&#8220;default&#8220; bg_image_animation=&#8220;none&#8220; border_type=&#8220;simple&#8220; column_border_width=&#8220;none&#8220; column_border_style=&#8220;solid&#8220; column_padding_type=&#8220;default&#8220; gradient_type=&#8220;default&#8220;][divider line_type=&#8220;No Line&#8220; custom_height=&#8220;250&#8243;][\/vc_column][vc_column column_padding=&#8220;no-extra-padding&#8220; column_padding_tablet=&#8220;inherit&#8220; column_padding_phone=&#8220;inherit&#8220; column_padding_position=&#8220;all&#8220; column_element_direction_desktop=&#8220;default&#8220; column_element_spacing=&#8220;default&#8220; desktop_text_alignment=&#8220;default&#8220; tablet_text_alignment=&#8220;default&#8220; phone_text_alignment=&#8220;default&#8220; background_color=&#8220;#ffffff&#8220; background_color_opacity=&#8220;1&#8243; background_hover_color_opacity=&#8220;1&#8243; column_backdrop_filter=&#8220;none&#8220; column_shadow=&#8220;none&#8220; column_border_radius=&#8220;none&#8220; column_link_target=&#8220;_self&#8220; column_position=&#8220;default&#8220; gradient_direction=&#8220;left_to_right&#8220; overlay_strength=&#8220;0.3&#8243; width=&#8220;1\/2&#8243; tablet_width_inherit=&#8220;default&#8220; animation_type=&#8220;default&#8220; bg_image_animation=&#8220;none&#8220; border_type=&#8220;simple&#8220; column_border_width=&#8220;none&#8220; column_border_style=&#8220;solid&#8220; column_padding_type=&#8220;default&#8220; gradient_type=&#8220;default&#8220;][vc_row_inner column_margin=&#8220;default&#8220; column_direction=&#8220;default&#8220; column_direction_tablet=&#8220;default&#8220; column_direction_phone=&#8220;default&#8220; text_align=&#8220;left&#8220; row_position=&#8220;default&#8220; row_position_tablet=&#8220;inherit&#8220; row_position_phone=&#8220;inherit&#8220; overflow=&#8220;visible&#8220; pointer_events=&#8220;all&#8220;][vc_column_inner column_padding=&#8220;no-extra-padding&#8220; column_padding_tablet=&#8220;inherit&#8220; column_padding_phone=&#8220;inherit&#8220; column_padding_position=&#8220;all&#8220; column_element_direction_desktop=&#8220;default&#8220; column_element_spacing=&#8220;default&#8220; desktop_text_alignment=&#8220;default&#8220; tablet_text_alignment=&#8220;default&#8220; phone_text_alignment=&#8220;default&#8220; background_color_opacity=&#8220;1&#8243; background_hover_color_opacity=&#8220;1&#8243; column_backdrop_filter=&#8220;none&#8220; column_shadow=&#8220;none&#8220; column_border_radius=&#8220;none&#8220; column_link_target=&#8220;_self&#8220; overflow=&#8220;visible&#8220; gradient_direction=&#8220;left_to_right&#8220; overlay_strength=&#8220;0.3&#8243; width=&#8220;1\/1&#8243; tablet_width_inherit=&#8220;default&#8220; animation_type=&#8220;default&#8220; enable_animation=&#8220;true&#8220; animation=&#8220;fade-in-from-bottom&#8220; animation_easing=&#8220;default&#8220; bg_image_animation=&#8220;none&#8220; border_type=&#8220;simple&#8220; column_border_width=&#8220;none&#8220; column_border_style=&#8220;solid&#8220;][vc_text_separator title=&#8220;Gerichtliche Best\u00e4tigung des Gutachtens&#8220; title_align=&#8220;separator_align_left&#8220; color=&#8220;black&#8220; css=&#8220;&#8220;][vc_column_text css=&#8220;&#8220; text_direction=&#8220;default&#8220;]Die gerichtliche Best\u00e4tigung des Sachverst\u00e4ndigengutachtens schlie\u00dft die Arbeit des IT-Sachverst\u00e4ndigen ab. W\u00e4hrend dieser Anh\u00f6rung, sei es pers\u00f6nlich oder per Videokonferenz, erscheint der Sachverst\u00e4ndige vor dem Gericht oder Tribunal, um die Schlussfolgerungen seines Gutachtens klar und fundiert darzulegen und zu verteidigen sowie alle Fragen des Richters und der beteiligten Parteien zu beantworten. <\/p>\n<p>In dieser Phase beantwortet der Sachverst\u00e4ndige die Fragen der Parteien und des Gerichts, kl\u00e4rt technische Aspekte und erl\u00e4utert die angewandte Methodik, wodurch die G\u00fcltigkeit und Glaubw\u00fcrdigkeit des erstellten Gutachtens gest\u00e4rkt wird. Im Falle einer Gegen\u00fcberstellung von Sachverst\u00e4ndigen sind die Verteidigung der Argumente, die Kommunikationsf\u00e4higkeit und die Rhetorik bei der Widerlegung der Argumente des gegnerischen Sachverst\u00e4ndigen entscheidend f\u00fcr den Erfolg. <\/p>\n<p>Die Best\u00e4tigung erm\u00f6glicht es, komplexe IT-Konzepte in eine verst\u00e4ndliche und juristische Sprache zu \u00fcbersetzen und dem Gericht zu helfen, digitale Beweismittel korrekt zu interpretieren. Eine solide und professionelle Best\u00e4tigung ist f\u00fcr das Gerichtsverfahren von gro\u00dfem Wert, da sie Vertrauen in das vorgelegte Gutachten schafft und f\u00fcr die abschlie\u00dfende Bewertung der Beweismittel ausschlaggebend sein kann. <\/p>\n<p>Bei Peritajes G\u00e1mez garantieren wir null Beanstandungen, null Ablehnungen und einen Gerichtseinsatz, der gem\u00e4\u00df den Prinzipien der Objektivit\u00e4t, technischen Genauigkeit und Neutralit\u00e4t erfolgt, wodurch die Position der beauftragenden Partei gest\u00e4rkt und zu einer gerichtlichen Entscheidung auf der Grundlage nachgewiesener und \u00fcberpr\u00fcfbarer Fakten beigetragen wird. [\/vc_column_text][\/vc_column_inner][\/vc_row_inner][\/vc_column][\/vc_row]\n","protected":false},"excerpt":{"rendered":"<p>[vc_row type=&#8220;in_container&#8220; full_screen_row_position=&#8220;middle&#8220; column_margin=&#8220;default&#8220; equal_height=&#8220;yes&#8220; content_placement=&#8220;middle&#8220; column_direction=&#8220;default&#8220; column_direction_tablet=&#8220;default&#8220; column_direction_phone=&#8220;default&#8220; scene_position=&#8220;center&#8220; top_padding=&#8220;3%&#8220; bottom_padding=&#8220;2%&#8220; text_color=&#8220;dark&#8220; text_align=&#8220;left&#8220; row_border_radius=&#8220;none&#8220; row_border_radius_applies=&#8220;bg&#8220; overflow=&#8220;visible&#8220; overlay_strength=&#8220;0.3&#8243; gradient_direction=&#8220;left_to_right&#8220; shape_divider_position=&#8220;bottom&#8220; bg_image_animation=&#8220;none&#8220; gradient_type=&#8220;default&#8220; shape_type=&#8220;&#8220;][vc_column column_padding=&#8220;no-extra-padding&#8220; column_padding_tablet=&#8220;inherit&#8220; column_padding_phone=&#8220;inherit&#8220; column_padding_position=&#8220;all&#8220; column_element_direction_desktop=&#8220;default&#8220; column_element_spacing=&#8220;default&#8220; desktop_text_alignment=&#8220;default&#8220;&#8230;<\/p>\n","protected":false},"author":1,"featured_media":0,"parent":0,"menu_order":0,"comment_status":"closed","ping_status":"closed","template":"","meta":{"footnotes":""},"class_list":["post-1525","page","type-page","status-publish"],"_links":{"self":[{"href":"https:\/\/peritajesgamez.es\/de\/wp-json\/wp\/v2\/pages\/1525","targetHints":{"allow":["GET"]}}],"collection":[{"href":"https:\/\/peritajesgamez.es\/de\/wp-json\/wp\/v2\/pages"}],"about":[{"href":"https:\/\/peritajesgamez.es\/de\/wp-json\/wp\/v2\/types\/page"}],"author":[{"embeddable":true,"href":"https:\/\/peritajesgamez.es\/de\/wp-json\/wp\/v2\/users\/1"}],"replies":[{"embeddable":true,"href":"https:\/\/peritajesgamez.es\/de\/wp-json\/wp\/v2\/comments?post=1525"}],"version-history":[{"count":4,"href":"https:\/\/peritajesgamez.es\/de\/wp-json\/wp\/v2\/pages\/1525\/revisions"}],"predecessor-version":[{"id":1531,"href":"https:\/\/peritajesgamez.es\/de\/wp-json\/wp\/v2\/pages\/1525\/revisions\/1531"}],"wp:attachment":[{"href":"https:\/\/peritajesgamez.es\/de\/wp-json\/wp\/v2\/media?parent=1525"}],"curies":[{"name":"wp","href":"https:\/\/api.w.org\/{rel}","templated":true}]}}