{"id":1536,"date":"2025-11-15T14:47:23","date_gmt":"2025-11-15T13:47:23","guid":{"rendered":"https:\/\/peritajesgamez.es\/phishing-in-der-elektronischen-kommunikation\/"},"modified":"2026-03-21T01:13:24","modified_gmt":"2026-03-21T00:13:24","slug":"phishing-in-der-elektronischen-kommunikation","status":"publish","type":"page","link":"https:\/\/peritajesgamez.es\/de\/phishing-in-der-elektronischen-kommunikation\/","title":{"rendered":"Phishing in der elektronischen Kommunikation"},"content":{"rendered":"[vc_row type=&#8220;in_container&#8220; full_screen_row_position=&#8220;middle&#8220; column_margin=&#8220;default&#8220; equal_height=&#8220;yes&#8220; content_placement=&#8220;middle&#8220; column_direction=&#8220;default&#8220; column_direction_tablet=&#8220;default&#8220; column_direction_phone=&#8220;default&#8220; scene_position=&#8220;center&#8220; top_padding=&#8220;3%&#8220; bottom_padding=&#8220;2%&#8220; text_color=&#8220;dark&#8220; text_align=&#8220;left&#8220; row_border_radius=&#8220;none&#8220; row_border_radius_applies=&#8220;bg&#8220; overflow=&#8220;visible&#8220; overlay_strength=&#8220;0.3&#8243; gradient_direction=&#8220;left_to_right&#8220; shape_divider_position=&#8220;bottom&#8220; bg_image_animation=&#8220;none&#8220; gradient_type=&#8220;default&#8220; shape_type=&#8220;&#8220;][vc_column column_padding=&#8220;no-extra-padding&#8220; column_padding_tablet=&#8220;inherit&#8220; column_padding_phone=&#8220;inherit&#8220; column_padding_position=&#8220;all&#8220; column_element_direction_desktop=&#8220;default&#8220; column_element_spacing=&#8220;default&#8220; desktop_text_alignment=&#8220;default&#8220; tablet_text_alignment=&#8220;default&#8220; phone_text_alignment=&#8220;default&#8220; background_color_opacity=&#8220;1&#8243; background_hover_color_opacity=&#8220;1&#8243; background_image=&#8220;582&#8243; background_image_position=&#8220;center center&#8220; background_image_stacking=&#8220;default&#8220; enable_bg_scale=&#8220;true&#8220; background_image_loading=&#8220;default&#8220; column_backdrop_filter=&#8220;none&#8220; column_shadow=&#8220;none&#8220; column_border_radius=&#8220;none&#8220; column_link_target=&#8220;_self&#8220; column_position=&#8220;default&#8220; gradient_direction=&#8220;left_to_right&#8220; overlay_strength=&#8220;0.3&#8243; width=&#8220;1\/2&#8243; tablet_width_inherit=&#8220;default&#8220; animation_type=&#8220;default&#8220; bg_image_animation=&#8220;none&#8220; border_type=&#8220;simple&#8220; column_border_width=&#8220;none&#8220; column_border_style=&#8220;solid&#8220; column_padding_type=&#8220;default&#8220; gradient_type=&#8220;default&#8220;][divider line_type=&#8220;No Line&#8220; custom_height=&#8220;250&#8243;][\/vc_column][vc_column column_padding=&#8220;no-extra-padding&#8220; column_padding_tablet=&#8220;inherit&#8220; column_padding_phone=&#8220;inherit&#8220; column_padding_position=&#8220;all&#8220; column_element_direction_desktop=&#8220;default&#8220; column_element_spacing=&#8220;default&#8220; desktop_text_alignment=&#8220;default&#8220; tablet_text_alignment=&#8220;default&#8220; phone_text_alignment=&#8220;default&#8220; background_color=&#8220;#ffffff&#8220; background_color_opacity=&#8220;1&#8243; background_hover_color_opacity=&#8220;1&#8243; column_backdrop_filter=&#8220;none&#8220; column_shadow=&#8220;none&#8220; column_border_radius=&#8220;none&#8220; column_link_target=&#8220;_self&#8220; column_position=&#8220;default&#8220; gradient_direction=&#8220;left_to_right&#8220; overlay_strength=&#8220;0.3&#8243; width=&#8220;1\/2&#8243; tablet_width_inherit=&#8220;default&#8220; animation_type=&#8220;default&#8220; bg_image_animation=&#8220;none&#8220; border_type=&#8220;simple&#8220; column_border_width=&#8220;none&#8220; column_border_style=&#8220;solid&#8220; column_padding_type=&#8220;default&#8220; gradient_type=&#8220;default&#8220;][vc_row_inner column_margin=&#8220;default&#8220; column_direction=&#8220;default&#8220; column_direction_tablet=&#8220;default&#8220; column_direction_phone=&#8220;default&#8220; text_align=&#8220;left&#8220; row_position=&#8220;default&#8220; row_position_tablet=&#8220;inherit&#8220; row_position_phone=&#8220;inherit&#8220; overflow=&#8220;visible&#8220; pointer_events=&#8220;all&#8220;][vc_column_inner column_padding=&#8220;no-extra-padding&#8220; column_padding_tablet=&#8220;inherit&#8220; column_padding_phone=&#8220;inherit&#8220; column_padding_position=&#8220;all&#8220; column_element_direction_desktop=&#8220;default&#8220; column_element_spacing=&#8220;default&#8220; desktop_text_alignment=&#8220;default&#8220; tablet_text_alignment=&#8220;default&#8220; phone_text_alignment=&#8220;default&#8220; background_color_opacity=&#8220;1&#8243; background_hover_color_opacity=&#8220;1&#8243; column_backdrop_filter=&#8220;none&#8220; column_shadow=&#8220;none&#8220; column_border_radius=&#8220;none&#8220; column_link_target=&#8220;_self&#8220; overflow=&#8220;visible&#8220; gradient_direction=&#8220;left_to_right&#8220; overlay_strength=&#8220;0.3&#8243; width=&#8220;1\/1&#8243; tablet_width_inherit=&#8220;default&#8220; animation_type=&#8220;default&#8220; enable_animation=&#8220;true&#8220; animation=&#8220;fade-in-from-bottom&#8220; animation_easing=&#8220;default&#8220; bg_image_animation=&#8220;none&#8220; border_type=&#8220;simple&#8220; column_border_width=&#8220;none&#8220; column_border_style=&#8220;solid&#8220;][vc_text_separator title=&#8220;Phishing in der elektronischen Kommunikation&#8220; title_align=&#8220;separator_align_left&#8220; color=&#8220;black&#8220; css=&#8220;&#8220;][vc_column_text css=&#8220;&#8220; text_direction=&#8220;default&#8220;]Phishing ist eine der h\u00e4ufigsten Formen digitalen Betrugs. Dabei handelt es sich um Identit\u00e4tsdiebstahl durch E-Mails, SMS-Textnachrichten, Kommunikation \u00fcber Instant-Messaging-Apps wie WhatsApp oder gef\u00e4lschte Webseiten, die darauf abzielen, den Nutzer zu t\u00e4uschen, um vertrauliche Informationen wie Bankzugangsdaten oder personenbezogene Daten zu erlangen. <\/p>\n<p>Der IT-Forensik-Sachverst\u00e4ndige analysiert diese Art von Vorf\u00e4llen, indem er die Angriffsvektoren, die beteiligten Domains, die IP-Adressen, die verwendete Netzwerkinfrastruktur sowie die eingesetzten Social-Engineering-Techniken identifiziert. Zudem dokumentiert er den Ablauf des Angriffs und die Beweise, die eine Zuordnung zu einer konkreten betr\u00fcgerischen Handlung erm\u00f6glichen. <\/p>\n<p>Diese Art der Analyse verfolgt einen doppelten Zweck: Einerseits liefert sie verwertbare Beweise f\u00fcr Gerichtsverfahren oder Reklamationen gegen\u00fcber Finanzinstituten; andererseits hilft sie Organisationen zu verstehen, wie es zu dem Angriff kam, um ihre Cybersicherheitsma\u00dfnahmen zu st\u00e4rken und k\u00fcnftige Eindringversuche zu verhindern.<\/p>\n<p>Bei Peritajes G\u00e1mez bieten wir eine pr\u00e4zise und \u00fcberpr\u00fcfbare Rekonstruktion des Angriffs, die es erm\u00f6glicht, Verantwortlichkeiten festzustellen und die entstandenen Sch\u00e4den zu quantifizieren. Dar\u00fcber hinaus liefern wir eine didaktische Einordnung, die das technische Verst\u00e4ndnis der Sachverhalte erleichtert, und sind damit ein wichtiger Partner sowohl f\u00fcr Unternehmen als auch f\u00fcr Privatpersonen, die Opfer dieser Art von Straftaten geworden sind. [\/vc_column_text][\/vc_column_inner][\/vc_row_inner][\/vc_column][\/vc_row]\n","protected":false},"excerpt":{"rendered":"<p>[vc_row type=&#8220;in_container&#8220; full_screen_row_position=&#8220;middle&#8220; column_margin=&#8220;default&#8220; equal_height=&#8220;yes&#8220; content_placement=&#8220;middle&#8220; column_direction=&#8220;default&#8220; column_direction_tablet=&#8220;default&#8220; column_direction_phone=&#8220;default&#8220; scene_position=&#8220;center&#8220; top_padding=&#8220;3%&#8220; bottom_padding=&#8220;2%&#8220; text_color=&#8220;dark&#8220; text_align=&#8220;left&#8220; row_border_radius=&#8220;none&#8220; row_border_radius_applies=&#8220;bg&#8220; overflow=&#8220;visible&#8220; overlay_strength=&#8220;0.3&#8243; gradient_direction=&#8220;left_to_right&#8220; shape_divider_position=&#8220;bottom&#8220; bg_image_animation=&#8220;none&#8220; gradient_type=&#8220;default&#8220; shape_type=&#8220;&#8220;][vc_column column_padding=&#8220;no-extra-padding&#8220; column_padding_tablet=&#8220;inherit&#8220; column_padding_phone=&#8220;inherit&#8220; column_padding_position=&#8220;all&#8220; column_element_direction_desktop=&#8220;default&#8220; column_element_spacing=&#8220;default&#8220; desktop_text_alignment=&#8220;default&#8220;&#8230;<\/p>\n","protected":false},"author":1,"featured_media":0,"parent":0,"menu_order":0,"comment_status":"closed","ping_status":"closed","template":"","meta":{"footnotes":""},"class_list":["post-1536","page","type-page","status-publish"],"_links":{"self":[{"href":"https:\/\/peritajesgamez.es\/de\/wp-json\/wp\/v2\/pages\/1536","targetHints":{"allow":["GET"]}}],"collection":[{"href":"https:\/\/peritajesgamez.es\/de\/wp-json\/wp\/v2\/pages"}],"about":[{"href":"https:\/\/peritajesgamez.es\/de\/wp-json\/wp\/v2\/types\/page"}],"author":[{"embeddable":true,"href":"https:\/\/peritajesgamez.es\/de\/wp-json\/wp\/v2\/users\/1"}],"replies":[{"embeddable":true,"href":"https:\/\/peritajesgamez.es\/de\/wp-json\/wp\/v2\/comments?post=1536"}],"version-history":[{"count":1,"href":"https:\/\/peritajesgamez.es\/de\/wp-json\/wp\/v2\/pages\/1536\/revisions"}],"predecessor-version":[{"id":1539,"href":"https:\/\/peritajesgamez.es\/de\/wp-json\/wp\/v2\/pages\/1536\/revisions\/1539"}],"wp:attachment":[{"href":"https:\/\/peritajesgamez.es\/de\/wp-json\/wp\/v2\/media?parent=1536"}],"curies":[{"name":"wp","href":"https:\/\/api.w.org\/{rel}","templated":true}]}}